{"id":496,"date":"2025-08-21T05:54:26","date_gmt":"2025-08-21T05:54:26","guid":{"rendered":"https:\/\/brusnika-lms.com\/?page_id=496"},"modified":"2025-10-17T11:52:51","modified_gmt":"2025-10-17T11:52:51","slug":"documentation","status":"publish","type":"page","link":"https:\/\/brusnika-lms.com\/?page_id=496","title":{"rendered":"Documentation"},"content":{"rendered":"\t\t<div data-elementor-type=\"wp-page\" data-elementor-id=\"496\" class=\"elementor elementor-496\" data-elementor-post-type=\"page\">\n\t\t\t\t<div class=\"elementor-element elementor-element-abc31b4 e-con-full e-flex e-con e-parent\" data-id=\"abc31b4\" data-element_type=\"container\" data-settings=\"{&quot;background_background&quot;:&quot;gradient&quot;}\">\n\t\t<div class=\"elementor-element elementor-element-be1d372 e-flex e-con-boxed e-con e-child\" data-id=\"be1d372\" data-element_type=\"container\">\n\t\t\t\t\t<div class=\"e-con-inner\">\n\t\t<div class=\"elementor-element elementor-element-9518090 e-con-full animated-slow e-flex elementor-invisible e-con e-child\" data-id=\"9518090\" data-element_type=\"container\" data-settings=\"{&quot;animation&quot;:&quot;fadeIn&quot;}\">\n\t\t\t\t<div class=\"elementor-element elementor-element-03e7a05 elementor-widget elementor-widget-heading\" data-id=\"03e7a05\" data-element_type=\"widget\" data-widget_type=\"heading.default\">\n\t\t\t\t\t<h1 class=\"elementor-heading-title elementor-size-default\">Brusnika.LMS<\/h1>\t\t\t\t<\/div>\n\t\t\t\t<div class=\"elementor-element elementor-element-50e5b98 elementor-widget elementor-widget-heading\" data-id=\"50e5b98\" data-element_type=\"widget\" data-widget_type=\"heading.default\">\n\t\t\t\t\t<div class=\"elementor-heading-title elementor-size-default\">Documentation<\/div>\t\t\t\t<\/div>\n\t\t<div class=\"elementor-element elementor-element-c88c053 e-con-full e-flex e-con e-child\" data-id=\"c88c053\" data-element_type=\"container\">\n\t\t\t\t<\/div>\n\t\t\t\t<\/div>\n\t\t\t\t\t<\/div>\n\t\t\t\t<\/div>\n\t\t\t\t<\/div>\n\t\t<div class=\"elementor-element elementor-element-abbfeb2 e-flex e-con-boxed e-con e-parent\" data-id=\"abbfeb2\" data-element_type=\"container\" data-settings=\"{&quot;background_background&quot;:&quot;classic&quot;,&quot;shape_divider_top&quot;:&quot;clouds&quot;,&quot;shape_divider_bottom&quot;:&quot;clouds&quot;}\">\n\t\t\t\t\t<div class=\"e-con-inner\">\n\t\t\t\t<div class=\"elementor-shape elementor-shape-top\" aria-hidden=\"true\" data-negative=\"false\">\n\t\t\t<svg xmlns=\"http:\/\/www.w3.org\/2000\/svg\" viewBox=\"0 0 283.5 27.8\" preserveAspectRatio=\"xMidYMax slice\">\n  <path class=\"elementor-shape-fill\" d=\"M0 0v6.7c1.9-.8 4.7-1.4 8.5-1 9.5 1.1 11.1 6 11.1 6s2.1-.7 4.3-.2c2.1.5 2.8 2.6 2.8 2.6s.2-.5 1.4-.7c1.2-.2 1.7.2 1.7.2s0-2.1 1.9-2.8c1.9-.7 3.6.7 3.6.7s.7-2.9 3.1-4.1 4.7 0 4.7 0 1.2-.5 2.4 0 1.7 1.4 1.7 1.4h1.4c.7 0 1.2.7 1.2.7s.8-1.8 4-2.2c3.5-.4 5.3 2.4 6.2 4.4.4-.4 1-.7 1.8-.9 2.8-.7 4 .7 4 .7s1.7-5 11.1-6c9.5-1.1 12.3 3.9 12.3 3.9s1.2-4.8 5.7-5.7c4.5-.9 6.8 1.8 6.8 1.8s.6-.6 1.5-.9c.9-.2 1.9-.2 1.9-.2s5.2-6.4 12.6-3.3c7.3 3.1 4.7 9 4.7 9s1.9-.9 4 0 2.8 2.4 2.8 2.4 1.9-1.2 4.5-1.2 4.3 1.2 4.3 1.2.2-1 1.4-1.7 2.1-.7 2.1-.7-.5-3.1 2.1-5.5 5.7-1.4 5.7-1.4 1.5-2.3 4.2-1.1c2.7 1.2 1.7 5.2 1.7 5.2s.3-.1 1.3.5c.5.4.8.8.9 1.1.5-1.4 2.4-5.8 8.4-4 7.1 2.1 3.5 8.9 3.5 8.9s.8-.4 2 0 1.1 1.1 1.1 1.1 1.1-1.1 2.3-1.1 2.1.5 2.1.5 1.9-3.6 6.2-1.2 1.9 6.4 1.9 6.4 2.6-2.4 7.4 0c3.4 1.7 3.9 4.9 3.9 4.9s3.3-6.9 10.4-7.9 11.5 2.6 11.5 2.6.8 0 1.2.2c.4.2.9.9.9.9s4.4-3.1 8.3.2c1.9 1.7 1.5 5 1.5 5s.3-1.1 1.6-1.4c1.3-.3 2.3.2 2.3.2s-.1-1.2.5-1.9 1.9-.9 1.9-.9-4.7-9.3 4.4-13.4c5.6-2.5 9.2.9 9.2.9s5-6.2 15.9-6.2 16.1 8.1 16.1 8.1.7-.2 1.6-.4V0H0z\"\/>\n<\/svg>\n\t\t<\/div>\n\t\t\t\t<div class=\"elementor-shape elementor-shape-bottom\" aria-hidden=\"true\" data-negative=\"false\">\n\t\t\t<svg xmlns=\"http:\/\/www.w3.org\/2000\/svg\" viewBox=\"0 0 283.5 27.8\" preserveAspectRatio=\"xMidYMax slice\">\n  <path class=\"elementor-shape-fill\" d=\"M0 0v6.7c1.9-.8 4.7-1.4 8.5-1 9.5 1.1 11.1 6 11.1 6s2.1-.7 4.3-.2c2.1.5 2.8 2.6 2.8 2.6s.2-.5 1.4-.7c1.2-.2 1.7.2 1.7.2s0-2.1 1.9-2.8c1.9-.7 3.6.7 3.6.7s.7-2.9 3.1-4.1 4.7 0 4.7 0 1.2-.5 2.4 0 1.7 1.4 1.7 1.4h1.4c.7 0 1.2.7 1.2.7s.8-1.8 4-2.2c3.5-.4 5.3 2.4 6.2 4.4.4-.4 1-.7 1.8-.9 2.8-.7 4 .7 4 .7s1.7-5 11.1-6c9.5-1.1 12.3 3.9 12.3 3.9s1.2-4.8 5.7-5.7c4.5-.9 6.8 1.8 6.8 1.8s.6-.6 1.5-.9c.9-.2 1.9-.2 1.9-.2s5.2-6.4 12.6-3.3c7.3 3.1 4.7 9 4.7 9s1.9-.9 4 0 2.8 2.4 2.8 2.4 1.9-1.2 4.5-1.2 4.3 1.2 4.3 1.2.2-1 1.4-1.7 2.1-.7 2.1-.7-.5-3.1 2.1-5.5 5.7-1.4 5.7-1.4 1.5-2.3 4.2-1.1c2.7 1.2 1.7 5.2 1.7 5.2s.3-.1 1.3.5c.5.4.8.8.9 1.1.5-1.4 2.4-5.8 8.4-4 7.1 2.1 3.5 8.9 3.5 8.9s.8-.4 2 0 1.1 1.1 1.1 1.1 1.1-1.1 2.3-1.1 2.1.5 2.1.5 1.9-3.6 6.2-1.2 1.9 6.4 1.9 6.4 2.6-2.4 7.4 0c3.4 1.7 3.9 4.9 3.9 4.9s3.3-6.9 10.4-7.9 11.5 2.6 11.5 2.6.8 0 1.2.2c.4.2.9.9.9.9s4.4-3.1 8.3.2c1.9 1.7 1.5 5 1.5 5s.3-1.1 1.6-1.4c1.3-.3 2.3.2 2.3.2s-.1-1.2.5-1.9 1.9-.9 1.9-.9-4.7-9.3 4.4-13.4c5.6-2.5 9.2.9 9.2.9s5-6.2 15.9-6.2 16.1 8.1 16.1 8.1.7-.2 1.6-.4V0H0z\"\/>\n<\/svg>\n\t\t<\/div>\n\t\t\t\t<div class=\"elementor-element elementor-element-d2b6c8a elementor-widget elementor-widget-heading\" data-id=\"d2b6c8a\" data-element_type=\"widget\" data-widget_type=\"heading.default\">\n\t\t\t\t\t<h2 class=\"elementor-heading-title elementor-size-default\">Brusnika.LMS User Manual \u2013 select your language<\/h2>\t\t\t\t<\/div>\n\t\t<div class=\"elementor-element elementor-element-9751880 e-con-full e-flex e-con e-child\" data-id=\"9751880\" data-element_type=\"container\">\n\t\t<div class=\"elementor-element elementor-element-efe6cff e-con-full animated-slow e-flex elementor-invisible e-con e-child\" data-id=\"efe6cff\" data-element_type=\"container\" data-settings=\"{&quot;background_background&quot;:&quot;classic&quot;,&quot;animation&quot;:&quot;fadeInUp&quot;,&quot;animation_delay&quot;:100}\">\n\t\t\t\t<div class=\"elementor-element elementor-element-abb111d elementor-widget elementor-widget-heading\" data-id=\"abb111d\" data-element_type=\"widget\" data-widget_type=\"heading.default\">\n\t\t\t\t\t<h2 class=\"elementor-heading-title elementor-size-default\">Brusnika.LMS.English<\/h2>\t\t\t\t<\/div>\n\t\t\t\t<div class=\"elementor-element elementor-element-8f72425 elementor-align-center elementor-widget elementor-widget-button\" data-id=\"8f72425\" data-element_type=\"widget\" data-widget_type=\"button.default\">\n\t\t\t\t\t\t\t\t\t\t<a class=\"elementor-button elementor-button-link elementor-size-sm\" href=\"https:\/\/docs.brusnika.solutions\/books\/brusnikalmsenglish\" target=\"_blank\">\n\t\t\t\t\t\t<span class=\"elementor-button-content-wrapper\">\n\t\t\t\t\t\t\t\t\t<span class=\"elementor-button-text\">Open<\/span>\n\t\t\t\t\t<\/span>\n\t\t\t\t\t<\/a>\n\t\t\t\t\t\t\t\t<\/div>\n\t\t\t\t<\/div>\n\t\t<div class=\"elementor-element elementor-element-a5182ec e-con-full animated-slow e-flex elementor-invisible e-con e-child\" data-id=\"a5182ec\" data-element_type=\"container\" data-settings=\"{&quot;background_background&quot;:&quot;classic&quot;,&quot;animation&quot;:&quot;fadeInUp&quot;,&quot;animation_delay&quot;:200}\">\n\t\t\t\t<div class=\"elementor-element elementor-element-be68de5 elementor-widget elementor-widget-heading\" data-id=\"be68de5\" data-element_type=\"widget\" data-widget_type=\"heading.default\">\n\t\t\t\t\t<h2 class=\"elementor-heading-title elementor-size-default\">Brusnika.LMS.Espa\u00f1ol<\/h2>\t\t\t\t<\/div>\n\t\t\t\t<div class=\"elementor-element elementor-element-7eb982c elementor-align-center elementor-widget elementor-widget-button\" data-id=\"7eb982c\" data-element_type=\"widget\" data-widget_type=\"button.default\">\n\t\t\t\t\t\t\t\t\t\t<a class=\"elementor-button elementor-button-link elementor-size-sm\" href=\"https:\/\/docs.brusnika.solutions\/books\/brusnikalmsespanol\" target=\"_blank\">\n\t\t\t\t\t\t<span class=\"elementor-button-content-wrapper\">\n\t\t\t\t\t\t\t\t\t<span class=\"elementor-button-text\">Abrir<\/span>\n\t\t\t\t\t<\/span>\n\t\t\t\t\t<\/a>\n\t\t\t\t\t\t\t\t<\/div>\n\t\t\t\t<\/div>\n\t\t<div class=\"elementor-element elementor-element-459bf87 e-con-full animated-slow e-flex elementor-invisible e-con e-child\" data-id=\"459bf87\" data-element_type=\"container\" data-settings=\"{&quot;background_background&quot;:&quot;classic&quot;,&quot;animation&quot;:&quot;fadeInUp&quot;,&quot;animation_delay&quot;:300}\">\n\t\t\t\t<div class=\"elementor-element elementor-element-fe61277 elementor-widget elementor-widget-heading\" data-id=\"fe61277\" data-element_type=\"widget\" data-widget_type=\"heading.default\">\n\t\t\t\t\t<h2 class=\"elementor-heading-title elementor-size-default\">Brusnika.LMS.Portugu\u00eas<\/h2>\t\t\t\t<\/div>\n\t\t\t\t<div class=\"elementor-element elementor-element-da47aec elementor-align-center elementor-widget elementor-widget-button\" data-id=\"da47aec\" data-element_type=\"widget\" data-widget_type=\"button.default\">\n\t\t\t\t\t\t\t\t\t\t<a class=\"elementor-button elementor-button-link elementor-size-sm\" href=\"https:\/\/docs.brusnika.solutions\/books\/brusnikalmsportugues\" target=\"_blank\">\n\t\t\t\t\t\t<span class=\"elementor-button-content-wrapper\">\n\t\t\t\t\t\t\t\t\t<span class=\"elementor-button-text\">Abrir<\/span>\n\t\t\t\t\t<\/span>\n\t\t\t\t\t<\/a>\n\t\t\t\t\t\t\t\t<\/div>\n\t\t\t\t<\/div>\n\t\t<div class=\"elementor-element elementor-element-e49331d e-con-full animated-slow e-flex elementor-invisible e-con e-child\" data-id=\"e49331d\" data-element_type=\"container\" data-settings=\"{&quot;background_background&quot;:&quot;classic&quot;,&quot;animation&quot;:&quot;fadeInUp&quot;,&quot;animation_delay&quot;:400}\">\n\t\t\t\t<div class=\"elementor-element elementor-element-4b6aea8 elementor-widget elementor-widget-heading\" data-id=\"4b6aea8\" data-element_type=\"widget\" data-widget_type=\"heading.default\">\n\t\t\t\t\t<h2 class=\"elementor-heading-title elementor-size-default\">Brusnika.LMS.T\u00fcrk\u00e7e<\/h2>\t\t\t\t<\/div>\n\t\t\t\t<div class=\"elementor-element elementor-element-8f38604 elementor-align-center elementor-widget elementor-widget-button\" data-id=\"8f38604\" data-element_type=\"widget\" data-widget_type=\"button.default\">\n\t\t\t\t\t\t\t\t\t\t<a class=\"elementor-button elementor-button-link elementor-size-sm\" href=\"https:\/\/docs.brusnika.solutions\/books\/brusnikalmsturkce\" target=\"_blank\">\n\t\t\t\t\t\t<span class=\"elementor-button-content-wrapper\">\n\t\t\t\t\t\t\t\t\t<span class=\"elementor-button-text\">A\u00e7<\/span>\n\t\t\t\t\t<\/span>\n\t\t\t\t\t<\/a>\n\t\t\t\t\t\t\t\t<\/div>\n\t\t\t\t<\/div>\n\t\t<div class=\"elementor-element elementor-element-bd9f64b e-con-full animated-slow e-flex elementor-invisible e-con e-child\" data-id=\"bd9f64b\" data-element_type=\"container\" data-settings=\"{&quot;background_background&quot;:&quot;classic&quot;,&quot;animation&quot;:&quot;fadeInUp&quot;,&quot;animation_delay&quot;:450}\">\n\t\t\t\t<div class=\"elementor-element elementor-element-d68a56a elementor-widget elementor-widget-heading\" data-id=\"d68a56a\" data-element_type=\"widget\" data-widget_type=\"heading.default\">\n\t\t\t\t\t<h2 class=\"elementor-heading-title elementor-size-default\">Brusnika.LMS.Ti\u1ebfng Vi\u1ec7t<\/h2>\t\t\t\t<\/div>\n\t\t\t\t<div class=\"elementor-element elementor-element-73fe683 elementor-align-center elementor-widget elementor-widget-button\" data-id=\"73fe683\" data-element_type=\"widget\" data-widget_type=\"button.default\">\n\t\t\t\t\t\t\t\t\t\t<a class=\"elementor-button elementor-button-link elementor-size-sm\" href=\"https:\/\/docs.brusnika.solutions\/books\/brusnikalmstieng-viet\" target=\"_blank\">\n\t\t\t\t\t\t<span class=\"elementor-button-content-wrapper\">\n\t\t\t\t\t\t\t\t\t<span class=\"elementor-button-text\">M\u1edf<\/span>\n\t\t\t\t\t<\/span>\n\t\t\t\t\t<\/a>\n\t\t\t\t\t\t\t\t<\/div>\n\t\t\t\t<\/div>\n\t\t<div class=\"elementor-element elementor-element-1d2a98e e-con-full animated-slow e-flex elementor-invisible e-con e-child\" data-id=\"1d2a98e\" data-element_type=\"container\" data-settings=\"{&quot;background_background&quot;:&quot;classic&quot;,&quot;animation&quot;:&quot;fadeInUp&quot;,&quot;animation_delay&quot;:500}\">\n\t\t\t\t<div class=\"elementor-element elementor-element-5c9b4ab elementor-widget elementor-widget-heading\" data-id=\"5c9b4ab\" data-element_type=\"widget\" data-widget_type=\"heading.default\">\n\t\t\t\t\t<h2 class=\"elementor-heading-title elementor-size-default\">Brusnika.LMS.\u0423\u043a\u0440\u0430\u0457\u043d\u0441\u044c\u043a\u0430<\/h2>\t\t\t\t<\/div>\n\t\t\t\t<div class=\"elementor-element elementor-element-70022a6 elementor-align-center elementor-widget elementor-widget-button\" data-id=\"70022a6\" data-element_type=\"widget\" data-widget_type=\"button.default\">\n\t\t\t\t\t\t\t\t\t\t<a class=\"elementor-button elementor-button-link elementor-size-sm\" href=\"https:\/\/docs.brusnika.solutions\/books\/brusnikalmsukrayinska\" target=\"_blank\">\n\t\t\t\t\t\t<span class=\"elementor-button-content-wrapper\">\n\t\t\t\t\t\t\t\t\t<span class=\"elementor-button-text\">\u0412\u0456\u0434\u043a\u0440\u0438\u0442\u0438<\/span>\n\t\t\t\t\t<\/span>\n\t\t\t\t\t<\/a>\n\t\t\t\t\t\t\t\t<\/div>\n\t\t\t\t<\/div>\n\t\t<div class=\"elementor-element elementor-element-7c0206e e-con-full animated-slow e-flex elementor-invisible e-con e-child\" data-id=\"7c0206e\" data-element_type=\"container\" data-settings=\"{&quot;background_background&quot;:&quot;classic&quot;,&quot;animation&quot;:&quot;fadeInUp&quot;,&quot;animation_delay&quot;:550}\">\n\t\t\t\t<div class=\"elementor-element elementor-element-a6d1174 elementor-widget elementor-widget-heading\" data-id=\"a6d1174\" data-element_type=\"widget\" data-widget_type=\"heading.default\">\n\t\t\t\t\t<h2 class=\"elementor-heading-title elementor-size-default\">Brusnika.LMS.Italiano<\/h2>\t\t\t\t<\/div>\n\t\t\t\t<div class=\"elementor-element elementor-element-f91d1e4 elementor-align-center elementor-widget elementor-widget-button\" data-id=\"f91d1e4\" data-element_type=\"widget\" data-widget_type=\"button.default\">\n\t\t\t\t\t\t\t\t\t\t<a class=\"elementor-button elementor-button-link elementor-size-sm\" href=\"https:\/\/docs.brusnika.solutions\/books\/brusnikalmsitaliano\" target=\"_blank\">\n\t\t\t\t\t\t<span class=\"elementor-button-content-wrapper\">\n\t\t\t\t\t\t\t\t\t<span class=\"elementor-button-text\">Apri<\/span>\n\t\t\t\t\t<\/span>\n\t\t\t\t\t<\/a>\n\t\t\t\t\t\t\t\t<\/div>\n\t\t\t\t<\/div>\n\t\t<div class=\"elementor-element elementor-element-655b59b e-con-full animated-slow e-flex elementor-invisible e-con e-child\" data-id=\"655b59b\" data-element_type=\"container\" data-settings=\"{&quot;background_background&quot;:&quot;classic&quot;,&quot;animation&quot;:&quot;fadeInUp&quot;,&quot;animation_delay&quot;:600}\">\n\t\t\t\t<div class=\"elementor-element elementor-element-02d18c4 elementor-widget elementor-widget-heading\" data-id=\"02d18c4\" data-element_type=\"widget\" data-widget_type=\"heading.default\">\n\t\t\t\t\t<h2 class=\"elementor-heading-title elementor-size-default\">Brusnika.LMS.Polski<\/h2>\t\t\t\t<\/div>\n\t\t\t\t<div class=\"elementor-element elementor-element-e3e9070 elementor-align-center elementor-widget elementor-widget-button\" data-id=\"e3e9070\" data-element_type=\"widget\" data-widget_type=\"button.default\">\n\t\t\t\t\t\t\t\t\t\t<a class=\"elementor-button elementor-button-link elementor-size-sm\" href=\"https:\/\/docs.brusnika.solutions\/books\/brusnikalmspolski\" target=\"_blank\">\n\t\t\t\t\t\t<span class=\"elementor-button-content-wrapper\">\n\t\t\t\t\t\t\t\t\t<span class=\"elementor-button-text\">Otw\u00f3rz<\/span>\n\t\t\t\t\t<\/span>\n\t\t\t\t\t<\/a>\n\t\t\t\t\t\t\t\t<\/div>\n\t\t\t\t<\/div>\n\t\t<div class=\"elementor-element elementor-element-8c509c8 e-con-full animated-slow e-flex elementor-invisible e-con e-child\" data-id=\"8c509c8\" data-element_type=\"container\" data-settings=\"{&quot;background_background&quot;:&quot;classic&quot;,&quot;animation&quot;:&quot;fadeInUp&quot;,&quot;animation_delay&quot;:650}\">\n\t\t\t\t<div class=\"elementor-element elementor-element-a007560 elementor-widget elementor-widget-heading\" data-id=\"a007560\" data-element_type=\"widget\" data-widget_type=\"heading.default\">\n\t\t\t\t\t<h2 class=\"elementor-heading-title elementor-size-default\">Brusnika.LMS.Fran\u00e7ais<\/h2>\t\t\t\t<\/div>\n\t\t\t\t<div class=\"elementor-element elementor-element-f3eef1b elementor-align-center elementor-widget elementor-widget-button\" data-id=\"f3eef1b\" data-element_type=\"widget\" data-widget_type=\"button.default\">\n\t\t\t\t\t\t\t\t\t\t<a class=\"elementor-button elementor-button-link elementor-size-sm\" href=\"https:\/\/docs.brusnika.solutions\/books\/brusnikalmsfrancais\" target=\"_blank\">\n\t\t\t\t\t\t<span class=\"elementor-button-content-wrapper\">\n\t\t\t\t\t\t\t\t\t<span class=\"elementor-button-text\">Ouvrir<\/span>\n\t\t\t\t\t<\/span>\n\t\t\t\t\t<\/a>\n\t\t\t\t\t\t\t\t<\/div>\n\t\t\t\t<\/div>\n\t\t<div class=\"elementor-element elementor-element-3bfaa2a e-con-full animated-slow e-flex elementor-invisible e-con e-child\" data-id=\"3bfaa2a\" data-element_type=\"container\" data-settings=\"{&quot;background_background&quot;:&quot;classic&quot;,&quot;animation&quot;:&quot;fadeInUp&quot;,&quot;animation_delay&quot;:700}\">\n\t\t\t\t<div class=\"elementor-element elementor-element-f1155ea elementor-widget elementor-widget-heading\" data-id=\"f1155ea\" data-element_type=\"widget\" data-widget_type=\"heading.default\">\n\t\t\t\t\t<h2 class=\"elementor-heading-title elementor-size-default\">Brusnika.LMS.Deutsch<\/h2>\t\t\t\t<\/div>\n\t\t\t\t<div class=\"elementor-element elementor-element-d5796a3 elementor-align-center elementor-widget elementor-widget-button\" data-id=\"d5796a3\" data-element_type=\"widget\" data-widget_type=\"button.default\">\n\t\t\t\t\t\t\t\t\t\t<a class=\"elementor-button elementor-button-link elementor-size-sm\" href=\"https:\/\/docs.brusnika.solutions\/books\/brusnikalmsdeutsch\" target=\"_blank\">\n\t\t\t\t\t\t<span class=\"elementor-button-content-wrapper\">\n\t\t\t\t\t\t\t\t\t<span class=\"elementor-button-text\">\u00d6ffnen<\/span>\n\t\t\t\t\t<\/span>\n\t\t\t\t\t<\/a>\n\t\t\t\t\t\t\t\t<\/div>\n\t\t\t\t<\/div>\n\t\t\t\t<\/div>\n\t\t\t\t\t<\/div>\n\t\t\t\t<\/div>\n\t\t\t\t<\/div>\n\t\t","protected":false},"excerpt":{"rendered":"<p>Brusnika.LMS Documentation Brusnika.LMS User Manual \u2013 select your language Brusnika.LMS.English Open Brusnika.LMS.Espa\u00f1ol Abrir Brusnika.LMS.Portugu\u00eas Abrir Brusnika.LMS.T\u00fcrk\u00e7e A\u00e7 Brusnika.LMS.Ti\u1ebfng Vi\u1ec7t M\u1edf Brusnika.LMS.\u0423\u043a\u0440\u0430\u0457\u043d\u0441\u044c\u043a\u0430 \u0412\u0456\u0434\u043a\u0440\u0438\u0442\u0438 Brusnika.LMS.Italiano Apri Brusnika.LMS.Polski Otw\u00f3rz Brusnika.LMS.Fran\u00e7ais Ouvrir Brusnika.LMS.Deutsch \u00d6ffnen<\/p>\n","protected":false},"author":1,"featured_media":0,"parent":0,"menu_order":0,"comment_status":"closed","ping_status":"closed","template":"elementor_theme","meta":{"footnotes":""},"class_list":["post-496","page","type-page","status-publish","hentry"],"yoast_head":"<!-- This site is optimized with the Yoast SEO plugin v26.9 - https:\/\/yoast.com\/product\/yoast-seo-wordpress\/ -->\n<title>Documentation - BrusnikaLMS<\/title>\n<meta name=\"robots\" content=\"index, follow, max-snippet:-1, max-image-preview:large, max-video-preview:-1\" \/>\n<link rel=\"canonical\" href=\"https:\/\/brusnika-lms.com\/?page_id=496\" \/>\n<meta property=\"og:locale\" content=\"en_US\" \/>\n<meta property=\"og:type\" content=\"article\" \/>\n<meta property=\"og:title\" content=\"Documentation - BrusnikaLMS\" \/>\n<meta property=\"og:description\" content=\"Brusnika.LMS Documentation Brusnika.LMS User Manual \u2013 select your language Brusnika.LMS.English Open Brusnika.LMS.Espa\u00f1ol Abrir Brusnika.LMS.Portugu\u00eas Abrir Brusnika.LMS.T\u00fcrk\u00e7e A\u00e7 Brusnika.LMS.Ti\u1ebfng Vi\u1ec7t M\u1edf Brusnika.LMS.\u0423\u043a\u0440\u0430\u0457\u043d\u0441\u044c\u043a\u0430 \u0412\u0456\u0434\u043a\u0440\u0438\u0442\u0438 Brusnika.LMS.Italiano Apri Brusnika.LMS.Polski Otw\u00f3rz Brusnika.LMS.Fran\u00e7ais Ouvrir Brusnika.LMS.Deutsch \u00d6ffnen\" \/>\n<meta property=\"og:url\" content=\"https:\/\/brusnika-lms.com\/?page_id=496\" \/>\n<meta property=\"og:site_name\" content=\"BrusnikaLMS\" \/>\n<meta property=\"article:modified_time\" content=\"2025-10-17T11:52:51+00:00\" \/>\n<meta name=\"twitter:card\" content=\"summary_large_image\" \/>\n<script type=\"application\/ld+json\" class=\"yoast-schema-graph\">{\"@context\":\"https:\/\/schema.org\",\"@graph\":[{\"@type\":\"WebPage\",\"@id\":\"https:\/\/brusnika-lms.com\/?page_id=496\",\"url\":\"https:\/\/brusnika-lms.com\/?page_id=496\",\"name\":\"Documentation - BrusnikaLMS\",\"isPartOf\":{\"@id\":\"https:\/\/brusnika-lms.com\/#website\"},\"datePublished\":\"2025-08-21T05:54:26+00:00\",\"dateModified\":\"2025-10-17T11:52:51+00:00\",\"breadcrumb\":{\"@id\":\"https:\/\/brusnika-lms.com\/?page_id=496#breadcrumb\"},\"inLanguage\":\"en-US\",\"potentialAction\":[{\"@type\":\"ReadAction\",\"target\":[\"https:\/\/brusnika-lms.com\/?page_id=496\"]}]},{\"@type\":\"BreadcrumbList\",\"@id\":\"https:\/\/brusnika-lms.com\/?page_id=496#breadcrumb\",\"itemListElement\":[{\"@type\":\"ListItem\",\"position\":1,\"name\":\"\u0413\u043b\u0430\u0432\u043d\u0430\u044f \u0441\u0442\u0440\u0430\u043d\u0438\u0446\u0430\",\"item\":\"https:\/\/brusnika-lms.com\/\"},{\"@type\":\"ListItem\",\"position\":2,\"name\":\"Documentation\"}]},{\"@type\":\"WebSite\",\"@id\":\"https:\/\/brusnika-lms.com\/#website\",\"url\":\"https:\/\/brusnika-lms.com\/\",\"name\":\"Brusnika LMS\",\"description\":\"a fresh solution that launches in a day and works directly in your CRM\/ERP\",\"publisher\":{\"@id\":\"https:\/\/brusnika-lms.com\/#organization\"},\"potentialAction\":[{\"@type\":\"SearchAction\",\"target\":{\"@type\":\"EntryPoint\",\"urlTemplate\":\"https:\/\/brusnika-lms.com\/?s={search_term_string}\"},\"query-input\":{\"@type\":\"PropertyValueSpecification\",\"valueRequired\":true,\"valueName\":\"search_term_string\"}}],\"inLanguage\":\"en-US\"},{\"@type\":\"Organization\",\"@id\":\"https:\/\/brusnika-lms.com\/#organization\",\"name\":\"Brusnika LMS\",\"url\":\"https:\/\/brusnika-lms.com\/\",\"logo\":{\"@type\":\"ImageObject\",\"inLanguage\":\"en-US\",\"@id\":\"https:\/\/brusnika-lms.com\/#\/schema\/logo\/image\/\",\"url\":\"https:\/\/brusnika-lms.com\/wp-content\/uploads\/2025\/08\/Logo-Header.png\",\"contentUrl\":\"https:\/\/brusnika-lms.com\/wp-content\/uploads\/2025\/08\/Logo-Header.png\",\"width\":415,\"height\":78,\"caption\":\"Brusnika LMS\"},\"image\":{\"@id\":\"https:\/\/brusnika-lms.com\/#\/schema\/logo\/image\/\"}}]}<\/script>\n<!-- \/ Yoast SEO plugin. -->","yoast_head_json":{"title":"Documentation - BrusnikaLMS","robots":{"index":"index","follow":"follow","max-snippet":"max-snippet:-1","max-image-preview":"max-image-preview:large","max-video-preview":"max-video-preview:-1"},"canonical":"https:\/\/brusnika-lms.com\/?page_id=496","og_locale":"en_US","og_type":"article","og_title":"Documentation - BrusnikaLMS","og_description":"Brusnika.LMS Documentation Brusnika.LMS User Manual \u2013 select your language Brusnika.LMS.English Open Brusnika.LMS.Espa\u00f1ol Abrir Brusnika.LMS.Portugu\u00eas Abrir Brusnika.LMS.T\u00fcrk\u00e7e A\u00e7 Brusnika.LMS.Ti\u1ebfng Vi\u1ec7t M\u1edf Brusnika.LMS.\u0423\u043a\u0440\u0430\u0457\u043d\u0441\u044c\u043a\u0430 \u0412\u0456\u0434\u043a\u0440\u0438\u0442\u0438 Brusnika.LMS.Italiano Apri Brusnika.LMS.Polski Otw\u00f3rz Brusnika.LMS.Fran\u00e7ais Ouvrir Brusnika.LMS.Deutsch \u00d6ffnen","og_url":"https:\/\/brusnika-lms.com\/?page_id=496","og_site_name":"BrusnikaLMS","article_modified_time":"2025-10-17T11:52:51+00:00","twitter_card":"summary_large_image","schema":{"@context":"https:\/\/schema.org","@graph":[{"@type":"WebPage","@id":"https:\/\/brusnika-lms.com\/?page_id=496","url":"https:\/\/brusnika-lms.com\/?page_id=496","name":"Documentation - BrusnikaLMS","isPartOf":{"@id":"https:\/\/brusnika-lms.com\/#website"},"datePublished":"2025-08-21T05:54:26+00:00","dateModified":"2025-10-17T11:52:51+00:00","breadcrumb":{"@id":"https:\/\/brusnika-lms.com\/?page_id=496#breadcrumb"},"inLanguage":"en-US","potentialAction":[{"@type":"ReadAction","target":["https:\/\/brusnika-lms.com\/?page_id=496"]}]},{"@type":"BreadcrumbList","@id":"https:\/\/brusnika-lms.com\/?page_id=496#breadcrumb","itemListElement":[{"@type":"ListItem","position":1,"name":"\u0413\u043b\u0430\u0432\u043d\u0430\u044f \u0441\u0442\u0440\u0430\u043d\u0438\u0446\u0430","item":"https:\/\/brusnika-lms.com\/"},{"@type":"ListItem","position":2,"name":"Documentation"}]},{"@type":"WebSite","@id":"https:\/\/brusnika-lms.com\/#website","url":"https:\/\/brusnika-lms.com\/","name":"Brusnika LMS","description":"a fresh solution that launches in a day and works directly in your CRM\/ERP","publisher":{"@id":"https:\/\/brusnika-lms.com\/#organization"},"potentialAction":[{"@type":"SearchAction","target":{"@type":"EntryPoint","urlTemplate":"https:\/\/brusnika-lms.com\/?s={search_term_string}"},"query-input":{"@type":"PropertyValueSpecification","valueRequired":true,"valueName":"search_term_string"}}],"inLanguage":"en-US"},{"@type":"Organization","@id":"https:\/\/brusnika-lms.com\/#organization","name":"Brusnika LMS","url":"https:\/\/brusnika-lms.com\/","logo":{"@type":"ImageObject","inLanguage":"en-US","@id":"https:\/\/brusnika-lms.com\/#\/schema\/logo\/image\/","url":"https:\/\/brusnika-lms.com\/wp-content\/uploads\/2025\/08\/Logo-Header.png","contentUrl":"https:\/\/brusnika-lms.com\/wp-content\/uploads\/2025\/08\/Logo-Header.png","width":415,"height":78,"caption":"Brusnika LMS"},"image":{"@id":"https:\/\/brusnika-lms.com\/#\/schema\/logo\/image\/"}}]}},"_links":{"self":[{"href":"https:\/\/brusnika-lms.com\/index.php?rest_route=\/wp\/v2\/pages\/496","targetHints":{"allow":["GET"]}}],"collection":[{"href":"https:\/\/brusnika-lms.com\/index.php?rest_route=\/wp\/v2\/pages"}],"about":[{"href":"https:\/\/brusnika-lms.com\/index.php?rest_route=\/wp\/v2\/types\/page"}],"author":[{"embeddable":true,"href":"https:\/\/brusnika-lms.com\/index.php?rest_route=\/wp\/v2\/users\/1"}],"replies":[{"embeddable":true,"href":"https:\/\/brusnika-lms.com\/index.php?rest_route=%2Fwp%2Fv2%2Fcomments&post=496"}],"version-history":[{"count":21,"href":"https:\/\/brusnika-lms.com\/index.php?rest_route=\/wp\/v2\/pages\/496\/revisions"}],"predecessor-version":[{"id":799,"href":"https:\/\/brusnika-lms.com\/index.php?rest_route=\/wp\/v2\/pages\/496\/revisions\/799"}],"wp:attachment":[{"href":"https:\/\/brusnika-lms.com\/index.php?rest_route=%2Fwp%2Fv2%2Fmedia&parent=496"}],"curies":[{"name":"wp","href":"https:\/\/api.w.org\/{rel}","templated":true}]}}